{"id":1709,"date":"2023-11-29T17:52:19","date_gmt":"2023-11-29T16:52:19","guid":{"rendered":"https:\/\/www.aribiotech.eu\/?page_id=1709"},"modified":"2024-03-14T15:57:22","modified_gmt":"2024-03-14T14:57:22","slug":"newsletter","status":"publish","type":"page","link":"https:\/\/www.aribiotech.eu\/?page_id=1709","title":{"rendered":"newsletter"},"content":{"rendered":"<p>[et_pb_section fb_built=\u00a0\u00bb1&Prime; _builder_version=\u00a0\u00bb4.20.4&Prime; _module_preset=\u00a0\u00bbdefault\u00a0\u00bb background_color=\u00a0\u00bb#FFFFFF\u00a0\u00bb custom_padding=\u00a0\u00bb||192px||false|false\u00a0\u00bb bottom_divider_color=\u00a0\u00bb#40C1AC\u00a0\u00bb bottom_divider_flip=\u00a0\u00bbhorizontal\u00a0\u00bb da_disable_devices=\u00a0\u00bboff|off|off\u00a0\u00bb box_shadow_style=\u00a0\u00bbpreset3&Prime; global_colors_info=\u00a0\u00bb{}\u00a0\u00bb da_is_popup=\u00a0\u00bboff\u00a0\u00bb da_exit_intent=\u00a0\u00bboff\u00a0\u00bb da_has_close=\u00a0\u00bbon\u00a0\u00bb da_alt_close=\u00a0\u00bboff\u00a0\u00bb da_dark_close=\u00a0\u00bboff\u00a0\u00bb da_not_modal=\u00a0\u00bbon\u00a0\u00bb da_is_singular=\u00a0\u00bboff\u00a0\u00bb da_with_loader=\u00a0\u00bboff\u00a0\u00bb da_has_shadow=\u00a0\u00bbon\u00a0\u00bb][et_pb_row _builder_version=\u00a0\u00bb4.16&Prime; _module_preset=\u00a0\u00bbdefault\u00a0\u00bb global_colors_info=\u00a0\u00bb{}\u00a0\u00bb][et_pb_column type=\u00a0\u00bb4_4&Prime; _builder_version=\u00a0\u00bb4.16&Prime; _module_preset=\u00a0\u00bbdefault\u00a0\u00bb global_colors_info=\u00a0\u00bb{}\u00a0\u00bb][et_pb_text _builder_version=\u00a0\u00bb4.20.4&Prime; _module_preset=\u00a0\u00bbdefault\u00a0\u00bb header_text_color=\u00a0\u00bb#003C71&Prime; global_colors_info=\u00a0\u00bb{}\u00a0\u00bb]<\/p>\n<h1 class=\"LC20lb MBeuO DKV0Md\">Newsletter N\u00b01<\/h1>\n<p><strong>Juillet &#8211; D\u00e9cembre 2022<\/strong><\/p>\n<p>Premi\u00e8re lettre d\u2019information du projet ARIBiotech &#8211; Alliance de Recherche et d\u2019Innovation en Biotechnologie bleue pour la valorisation d\u00e9chets marins (C-5-2.1-41).<\/p>\n<p>Le projet ARIBiotech est co-financ\u00e9 par l\u2019Union Europ\u00e9enne dans le cadre du programme IEV de coop\u00e9ration transfrontali\u00e8re Italie-Tunisie 2014 -2020.<\/p>\n<p>Cette newsletter a \u00e9t\u00e9 cr\u00e9\u00e9e et maintenue avec le soutien financier de l\u2019Union europ\u00e9enne dans le cadre du Programme IEV de Coop\u00e9ration Transfrontali\u00e8re Italie Tunisie 2014-2020. Son contenu rel\u00e8ve de la seule responsabilit\u00e9 des partenaires du projet ARIBiotech et ne refl\u00e8te pas n\u00e9cessairement les opinions de l\u2019Union europ\u00e9enne et celles de l\u2019Autorit\u00e9 de Gestion.<\/p>\n<p>[\/et_pb_text][\/et_pb_column][\/et_pb_row][et_pb_row _builder_version=\u00a0\u00bb4.20.4&Prime; _module_preset=\u00a0\u00bbdefault\u00a0\u00bb global_colors_info=\u00a0\u00bb{}\u00a0\u00bb][et_pb_column type=\u00a0\u00bb4_4&Prime; _builder_version=\u00a0\u00bb4.20.4&Prime; _module_preset=\u00a0\u00bbdefault\u00a0\u00bb global_colors_info=\u00a0\u00bb{}\u00a0\u00bb][et_pb_toggle title=\u00a0\u00bbLien de t\u00e9l\u00e9chargement | Download link \u00a0\u00bb open_toggle_text_color=\u00a0\u00bb#FFFFFF\u00a0\u00bb closed_toggle_text_color=\u00a0\u00bb#FFFFFF\u00a0\u00bb icon_color=\u00a0\u00bb#FFFFFF\u00a0\u00bb toggle_icon=\u00a0\u00bb&#x3d;||divi||400&Prime; _builder_version=\u00a0\u00bb4.20.4&Prime; _module_preset=\u00a0\u00bbdefault\u00a0\u00bb title_text_color=\u00a0\u00bb#ffffff\u00a0\u00bb title_level=\u00a0\u00bbh4&Prime; closed_title_line_height=\u00a0\u00bb1.6em\u00a0\u00bb body_text_color=\u00a0\u00bb#FFFFFF\u00a0\u00bb background_color=\u00a0\u00bb#003C71&Prime; global_colors_info=\u00a0\u00bb{}\u00a0\u00bb]<\/p>\n<p>&nbsp;<\/p>\n<p><span style=\"color: #e5e01d;\"><strong>Lien de t\u00e9l\u00e9chargement | Download link :<\/strong><\/span><\/p>\n<p><a href=\"https:\/\/t.ly\/f9HO9\">https:\/\/t.ly\/f9HO9<\/a><\/p>\n<p>[\/et_pb_toggle][\/et_pb_column][\/et_pb_row][et_pb_row _builder_version=\u00a0\u00bb4.16&Prime; _module_preset=\u00a0\u00bbdefault\u00a0\u00bb global_colors_info=\u00a0\u00bb{}\u00a0\u00bb][et_pb_column type=\u00a0\u00bb4_4&Prime; _builder_version=\u00a0\u00bb4.16&Prime; _module_preset=\u00a0\u00bbdefault\u00a0\u00bb global_colors_info=\u00a0\u00bb{}\u00a0\u00bb][et_pb_text _builder_version=\u00a0\u00bb4.20.4&Prime; _module_preset=\u00a0\u00bbdefault\u00a0\u00bb header_text_color=\u00a0\u00bb#003C71&Prime; global_colors_info=\u00a0\u00bb{}\u00a0\u00bb]<\/p>\n<h1 class=\"LC20lb MBeuO DKV0Md\">Newsletter N\u00b02<\/h1>\n<p><strong>Janvier &#8211; Juin 2023<\/strong><\/p>\n<p><strong>Deuxi\u00e8me lettre d\u2019information du projet ARIBiotech &#8211; Alliance de Recherche et d\u2019Innovation en Biotechnologie bleue pour la valorisation d\u00e9chets marins (C-5-2.1-41).<\/strong><\/p>\n<p>Le projet ARIBiotech est co-financ\u00e9 par l\u2019Union Europ\u00e9enne dans le cadre du programme IEV de coop\u00e9ration transfrontali\u00e8re Italie-Tunisie 2014 -2020.<\/p>\n<p>Cette newsletter a \u00e9t\u00e9 cr\u00e9\u00e9e et maintenue avec le soutien financier de l\u2019Union europ\u00e9enne dans le cadre du Programme IEV de Coop\u00e9ration Transfrontali\u00e8re Italie Tunisie 2014-2020. Son contenu rel\u00e8ve de la seule responsabilit\u00e9 des partenaires du projet ARIBiotech et ne refl\u00e8te pas n\u00e9cessairement les opinions de l\u2019Union europ\u00e9enne et celles de l\u2019Autorit\u00e9 de Gestion.<\/p>\n<p>[\/et_pb_text][\/et_pb_column][\/et_pb_row][et_pb_row _builder_version=\u00a0\u00bb4.20.4&Prime; _module_preset=\u00a0\u00bbdefault\u00a0\u00bb global_colors_info=\u00a0\u00bb{}\u00a0\u00bb][et_pb_column type=\u00a0\u00bb4_4&Prime; _builder_version=\u00a0\u00bb4.20.4&Prime; _module_preset=\u00a0\u00bbdefault\u00a0\u00bb global_colors_info=\u00a0\u00bb{}\u00a0\u00bb][et_pb_toggle title=\u00a0\u00bbLien de t\u00e9l\u00e9chargement | Download link \u00a0\u00bb open_toggle_text_color=\u00a0\u00bb#FFFFFF\u00a0\u00bb closed_toggle_text_color=\u00a0\u00bb#FFFFFF\u00a0\u00bb icon_color=\u00a0\u00bb#FFFFFF\u00a0\u00bb toggle_icon=\u00a0\u00bb&#x3d;||divi||400&Prime; _builder_version=\u00a0\u00bb4.20.4&Prime; _module_preset=\u00a0\u00bbdefault\u00a0\u00bb title_text_color=\u00a0\u00bb#ffffff\u00a0\u00bb title_level=\u00a0\u00bbh4&Prime; closed_title_line_height=\u00a0\u00bb1.6em\u00a0\u00bb body_text_color=\u00a0\u00bb#FFFFFF\u00a0\u00bb background_color=\u00a0\u00bb#003C71&Prime; global_colors_info=\u00a0\u00bb{}\u00a0\u00bb]<\/p>\n<p>&nbsp;<\/p>\n<p><span style=\"color: #e5e01d;\"><strong>Lien de t\u00e9l\u00e9chargement | Download link :<\/strong><\/span><\/p>\n<p><a href=\"https:\/\/t.ly\/V1wy4\">https:\/\/t.ly\/V1wy4<\/a><\/p>\n<p>[\/et_pb_toggle][\/et_pb_column][\/et_pb_row][et_pb_row _builder_version=\u00a0\u00bb4.16&Prime; _module_preset=\u00a0\u00bbdefault\u00a0\u00bb global_colors_info=\u00a0\u00bb{}\u00a0\u00bb][et_pb_column type=\u00a0\u00bb4_4&Prime; _builder_version=\u00a0\u00bb4.16&Prime; _module_preset=\u00a0\u00bbdefault\u00a0\u00bb global_colors_info=\u00a0\u00bb{}\u00a0\u00bb][et_pb_text _builder_version=\u00a0\u00bb4.20.4&Prime; _module_preset=\u00a0\u00bbdefault\u00a0\u00bb header_text_color=\u00a0\u00bb#003C71&Prime; global_colors_info=\u00a0\u00bb{}\u00a0\u00bb]<\/p>\n<h1 class=\"LC20lb MBeuO DKV0Md\">Newsletter N\u00b03<\/h1>\n<p><strong>Juillet &#8211; D\u00e9cembre 2023<\/strong><\/p>\n<p><strong>Troisi\u00e8me lettre d\u2019information du projet ARIBiotech &#8211; Alliance de Recherche et d\u2019Innovation en Biotechnologi bleue pour la valorisation d\u00e9chets marins (C-5-2.1-41).<\/strong><\/p>\n<p>Le projet <em>ARIBiotech<\/em> est co-financ\u00e9 par l\u2019Union Europ\u00e9enne dans le cadre du <strong>programme IEV de coop\u00e9ration transfrontali\u00e8re Italie-Tunisie 2014 -2020.<\/strong><\/p>\n<p>Cette newsletter a \u00e9t\u00e9 cr\u00e9\u00e9e et maintenue avec le soutien financier de l\u2019Union europ\u00e9enne dans le cadre du Programme IEV de Coop\u00e9ration Transfrontali\u00e8re Italie Tunisie 2014-2020. Son contenu rel\u00e8ve de la seule responsabilit\u00e9 des partenaires du projet ARIBiotech et ne refl\u00e8te pas n\u00e9cessairement les opinions de l\u2019Union europ\u00e9enne et celles de l\u2019Autorit\u00e9 de Gestion.<\/p>\n<p>[\/et_pb_text][et_pb_toggle title=\u00a0\u00bbLien de t\u00e9l\u00e9chargement | Download link \u00a0\u00bb open_toggle_text_color=\u00a0\u00bb#FFFFFF\u00a0\u00bb closed_toggle_text_color=\u00a0\u00bb#FFFFFF\u00a0\u00bb icon_color=\u00a0\u00bb#FFFFFF\u00a0\u00bb toggle_icon=\u00a0\u00bb&#x3d;||divi||400&Prime; _builder_version=\u00a0\u00bb4.20.4&Prime; _module_preset=\u00a0\u00bbdefault\u00a0\u00bb title_text_color=\u00a0\u00bb#ffffff\u00a0\u00bb title_level=\u00a0\u00bbh4&Prime; closed_title_line_height=\u00a0\u00bb1.6em\u00a0\u00bb body_text_color=\u00a0\u00bb#FFFFFF\u00a0\u00bb background_color=\u00a0\u00bb#003C71&Prime; global_colors_info=\u00a0\u00bb{}\u00a0\u00bb]<\/p>\n<p>&nbsp;<\/p>\n<p><span style=\"color: #e5e01d;\"><strong>Lien de t\u00e9l\u00e9chargement | Download link :<\/strong><\/span><\/p>\n<p><a href=\"https:\/\/t.ly\/90uNP\"><span>https:\/\/t.ly\/90uNP<\/span><\/a><\/p>\n<p>[\/et_pb_toggle][\/et_pb_column][\/et_pb_row][\/et_pb_section][et_pb_section fb_built=\u00a0\u00bb1&Prime; _builder_version=\u00a0\u00bb4.16&Prime; _module_preset=\u00a0\u00bbdefault\u00a0\u00bb background_color=\u00a0\u00bb#003C71&Prime; custom_padding=\u00a0\u00bb12px||||false|false\u00a0\u00bb da_disable_devices=\u00a0\u00bboff|off|off\u00a0\u00bb saved_tabs=\u00a0\u00bball\u00a0\u00bb global_colors_info=\u00a0\u00bb{}\u00a0\u00bb da_is_popup=\u00a0\u00bboff\u00a0\u00bb da_exit_intent=\u00a0\u00bboff\u00a0\u00bb da_has_close=\u00a0\u00bbon\u00a0\u00bb da_alt_close=\u00a0\u00bboff\u00a0\u00bb da_dark_close=\u00a0\u00bboff\u00a0\u00bb da_not_modal=\u00a0\u00bbon\u00a0\u00bb da_is_singular=\u00a0\u00bboff\u00a0\u00bb da_with_loader=\u00a0\u00bboff\u00a0\u00bb da_has_shadow=\u00a0\u00bbon\u00a0\u00bb][et_pb_row _builder_version=\u00a0\u00bb4.16&Prime; _module_preset=\u00a0\u00bbdefault\u00a0\u00bb global_colors_info=\u00a0\u00bb{}\u00a0\u00bb][et_pb_column type=\u00a0\u00bb4_4&Prime; _builder_version=\u00a0\u00bb4.16&Prime; _module_preset=\u00a0\u00bbdefault\u00a0\u00bb global_colors_info=\u00a0\u00bb{}\u00a0\u00bb][et_pb_social_media_follow _builder_version=\u00a0\u00bb4.16&Prime; _module_preset=\u00a0\u00bbdefault\u00a0\u00bb custom_button=\u00a0\u00bbon\u00a0\u00bb button_border_radius=\u00a0\u00bb100px\u00a0\u00bb text_orientation=\u00a0\u00bbcenter\u00a0\u00bb global_colors_info=\u00a0\u00bb{}\u00a0\u00bb][et_pb_social_media_follow_network social_network=\u00a0\u00bbfacebook\u00a0\u00bb url=\u00a0\u00bbhttps:\/\/www.facebook.com\/ARIBiotech\u00a0\u00bb _builder_version=\u00a0\u00bb4.16&Prime; _module_preset=\u00a0\u00bbdefault\u00a0\u00bb background_color=\u00a0\u00bb#3b5998&Prime; custom_button=\u00a0\u00bbon\u00a0\u00bb button_border_radius=\u00a0\u00bb0px\u00a0\u00bb button_letter_spacing=\u00a0\u00bb0px\u00a0\u00bb border_radii=\u00a0\u00bbon|120px|120px|120px|120px\u00a0\u00bb border_width_all=\u00a0\u00bb2px\u00a0\u00bb border_color_all=\u00a0\u00bb#FFFFFF\u00a0\u00bb global_colors_info=\u00a0\u00bb{}\u00a0\u00bb follow_button=\u00a0\u00bboff\u00a0\u00bb url_new_window=\u00a0\u00bbon\u00a0\u00bb]facebook[\/et_pb_social_media_follow_network][et_pb_social_media_follow_network social_network=\u00a0\u00bbinstagram\u00a0\u00bb url=\u00a0\u00bbhttps:\/\/www.instagram.com\/aribiotech\/\u00a0\u00bb _builder_version=\u00a0\u00bb4.16&Prime; _module_preset=\u00a0\u00bbdefault\u00a0\u00bb background_color=\u00a0\u00bb#ea2c59&Prime; border_radii=\u00a0\u00bbon|120px|120px|120px|120px\u00a0\u00bb border_width_all=\u00a0\u00bb2px\u00a0\u00bb border_color_all=\u00a0\u00bb#FFFFFF\u00a0\u00bb global_colors_info=\u00a0\u00bb{}\u00a0\u00bb follow_button=\u00a0\u00bboff\u00a0\u00bb url_new_window=\u00a0\u00bbon\u00a0\u00bb]instagram[\/et_pb_social_media_follow_network][et_pb_social_media_follow_network social_network=\u00a0\u00bbyoutube\u00a0\u00bb _builder_version=\u00a0\u00bb4.16&Prime; _module_preset=\u00a0\u00bbdefault\u00a0\u00bb background_color=\u00a0\u00bb#a82400&Prime; border_radii=\u00a0\u00bbon|120px|120px|120px|120px\u00a0\u00bb border_width_all=\u00a0\u00bb2px\u00a0\u00bb border_color_all=\u00a0\u00bb#FFFFFF\u00a0\u00bb global_colors_info=\u00a0\u00bb{}\u00a0\u00bb follow_button=\u00a0\u00bboff\u00a0\u00bb url_new_window=\u00a0\u00bbon\u00a0\u00bb]youtube[\/et_pb_social_media_follow_network][\/et_pb_social_media_follow][et_pb_text _builder_version=\u00a0\u00bb4.20.4&Prime; _module_preset=\u00a0\u00bbdefault\u00a0\u00bb text_text_color=\u00a0\u00bb#FFFFFF\u00a0\u00bb text_font_size=\u00a0\u00bb12px\u00a0\u00bb header_3_text_color=\u00a0\u00bb#40C1AC\u00a0\u00bb text_orientation=\u00a0\u00bbcenter\u00a0\u00bb global_colors_info=\u00a0\u00bb{}\u00a0\u00bb]<\/p>\n<h3>Institut National des Sciences et Technologies de la Mer (INSTM)<\/h3>\n<div>Adresse : 28 Rue 2 Mars 1934 Carthage Salammb\u00f4<\/div>\n<div>Coordinatrice du projet : <strong>Pr Saloua Sadok<\/strong><\/div>\n<div><strong>e-mail : <a href=\"mailto:contact@aribiotech.eu\">contact@aribiotech.eu<\/a><\/strong><\/div>\n<div><strong><span><\/span><\/strong><\/div>\n<div><span>\ud835\udc36\ud835\udc52 \ud835\udc60\ud835\udc56\ud835\udc61\ud835\udc52 \ud835\udc4e \ud835\udc52\u0301\ud835\udc61\ud835\udc52\u0301 \ud835\udc50\ud835\udc5f\ud835\udc52\u0301\ud835\udc52\u0301 \ud835\udc52\ud835\udc61 \ud835\udc5a\ud835\udc4e\ud835\udc56\ud835\udc5b\ud835\udc61\ud835\udc52\ud835\udc5b\ud835\udc62 \ud835\udc4e\ud835\udc63\ud835\udc52\ud835\udc50 \ud835\udc59\ud835\udc52 \ud835\udc60\ud835\udc5c\ud835\udc62\ud835\udc61\ud835\udc56\ud835\udc52\ud835\udc5b \ud835\udc53\ud835\udc56\ud835\udc5b\ud835\udc4e\ud835\udc5b\ud835\udc50\ud835\udc56\ud835\udc52\ud835\udc5f \ud835\udc51\ud835\udc52 \ud835\udc59\u2019\ud835\udc48\ud835\udc5b\ud835\udc56\ud835\udc5c\ud835\udc5b \ud835\udc52\ud835\udc62\ud835\udc5f\ud835\udc5c\ud835\udc5d\ud835\udc52\u0301\ud835\udc52\ud835\udc5b\ud835\udc5b\ud835\udc52 \ud835\udc51\ud835\udc4e\ud835\udc5b\ud835\udc60 \ud835\udc59\ud835\udc52 \ud835\udc50\ud835\udc4e\ud835\udc51\ud835\udc5f\ud835\udc52 \ud835\udc51\ud835\udc62 \ud835\udc43\ud835\udc5f\ud835\udc5c\ud835\udc54\ud835\udc5f\ud835\udc4e\ud835\udc5a\ud835\udc5a\ud835\udc52 \ud835\udc3c\ud835\udc38\ud835\udc49 \ud835\udc51\ud835\udc52 \ud835\udc36\ud835\udc5c\ud835\udc5c\ud835\udc5d\ud835\udc52\u0301\ud835\udc5f\ud835\udc4e\ud835\udc61\ud835\udc56\ud835\udc5c\ud835\udc5b \ud835\udc47\ud835\udc5f\ud835\udc4e\ud835\udc5b\ud835\udc60\ud835\udc53\ud835\udc5f\ud835\udc5c\ud835\udc5b\ud835\udc61\ud835\udc4e\ud835\udc59\ud835\udc56\ud835\udc52\u0300\ud835\udc5f\ud835\udc52 \ud835\udc3c\ud835\udc61\ud835\udc4e\ud835\udc59\ud835\udc56\ud835\udc52 \ud835\udc47\ud835\udc62\ud835\udc5b\ud835\udc56\ud835\udc60\ud835\udc56\ud835\udc52 2014-2020. \ud835\udc46\ud835\udc5c\ud835\udc5b \ud835\udc50\ud835\udc5c\ud835\udc5b\ud835\udc61\ud835\udc52\ud835\udc5b\ud835\udc62 \ud835\udc5f\ud835\udc52\ud835\udc59\ud835\udc52\u0300\ud835\udc63\ud835\udc52 \ud835\udc51\ud835\udc52 \ud835\udc59\ud835\udc4e \ud835\udc60\ud835\udc52\ud835\udc62\ud835\udc59\ud835\udc52 \ud835\udc5f\ud835\udc52\ud835\udc60\ud835\udc5d\ud835\udc5c\ud835\udc5b\ud835\udc60\ud835\udc4e\ud835\udc4f\ud835\udc56\ud835\udc59\ud835\udc56\ud835\udc61\ud835\udc52\u0301 \ud835\udc51\ud835\udc52 \ud835\udc34\ud835\udc45\ud835\udc3c\ud835\udc35\ud835\udc56\ud835\udc5c\ud835\udc61\ud835\udc52\ud835\udc50\u210e \ud835\udc52\ud835\udc61 \ud835\udc5b\ud835\udc52 \ud835\udc5f\ud835\udc52\ud835\udc53\ud835\udc59\ud835\udc52\u0300\ud835\udc61\ud835\udc52 \ud835\udc5d\ud835\udc4e\ud835\udc60 \ud835\udc5b\ud835\udc52\u0301\ud835\udc50\ud835\udc52\ud835\udc60\ud835\udc60\ud835\udc4e\ud835\udc56\ud835\udc5f\ud835\udc52\ud835\udc5a\ud835\udc52\ud835\udc5b\ud835\udc61 \ud835\udc59\ud835\udc52\ud835\udc60 \ud835\udc5c\ud835\udc5d\ud835\udc56\ud835\udc5b\ud835\udc56\ud835\udc5c\ud835\udc5b\ud835\udc60 \ud835\udc51\ud835\udc52 \ud835\udc59\u2019\ud835\udc48\ud835\udc5b\ud835\udc56\ud835\udc5c\ud835\udc5b \ud835\udc52\ud835\udc62\ud835\udc5f\ud835\udc5c\ud835\udc5d\ud835\udc52\u0301\ud835\udc52\ud835\udc5b\ud835\udc5b\ud835\udc52 \ud835\udc52\ud835\udc61\/\ud835\udc5c\ud835\udc62 \ud835\udc50\ud835\udc52\ud835\udc59\ud835\udc59\ud835\udc52\ud835\udc60 \ud835\udc51\ud835\udc52 \ud835\udc59\u2019\ud835\udc34\ud835\udc62\ud835\udc61\ud835\udc5c\ud835\udc5f\ud835\udc56\ud835\udc61\ud835\udc52\u0301 \ud835\udc51\ud835\udc52 \ud835\udc3a\ud835\udc52\ud835\udc60\ud835\udc61\ud835\udc56\ud835\udc5c\ud835\udc5b.<\/span><\/div>\n<div><strong><span><\/span><\/strong><\/div>\n<p><span>\u00a92023 ARIbiotech &#8211; Tous les droits sont r\u00e9serv\u00e9s |\u00a0<\/span>Privacy Policy<span>\u00a0|\u00a0<\/span>Cookie Policy<\/p>\n<p>[\/et_pb_text][\/et_pb_column][\/et_pb_row][\/et_pb_section]<\/p>\n","protected":false},"excerpt":{"rendered":"<p>Newsletter N\u00b01 Juillet &#8211; D\u00e9cembre 2022 Premi\u00e8re lettre d\u2019information du projet ARIBiotech &#8211; Alliance de Recherche et d\u2019Innovation en Biotechnologie bleue pour la valorisation d\u00e9chets marins (C-5-2.1-41). Le projet ARIBiotech est co-financ\u00e9 par l\u2019Union Europ\u00e9enne dans le cadre du programme IEV de coop\u00e9ration transfrontali\u00e8re Italie-Tunisie 2014 -2020. Cette newsletter a \u00e9t\u00e9 cr\u00e9\u00e9e et maintenue avec [&hellip;]<\/p>\n","protected":false},"author":1,"featured_media":0,"parent":0,"menu_order":0,"comment_status":"closed","ping_status":"closed","template":"","meta":{"_et_pb_use_builder":"on","_et_pb_old_content":"","_et_gb_content_width":"","inline_featured_image":false,"footnotes":""},"class_list":["post-1709","page","type-page","status-publish","hentry"],"_links":{"self":[{"href":"https:\/\/www.aribiotech.eu\/index.php?rest_route=\/wp\/v2\/pages\/1709","targetHints":{"allow":["GET"]}}],"collection":[{"href":"https:\/\/www.aribiotech.eu\/index.php?rest_route=\/wp\/v2\/pages"}],"about":[{"href":"https:\/\/www.aribiotech.eu\/index.php?rest_route=\/wp\/v2\/types\/page"}],"author":[{"embeddable":true,"href":"https:\/\/www.aribiotech.eu\/index.php?rest_route=\/wp\/v2\/users\/1"}],"replies":[{"embeddable":true,"href":"https:\/\/www.aribiotech.eu\/index.php?rest_route=%2Fwp%2Fv2%2Fcomments&post=1709"}],"version-history":[{"count":9,"href":"https:\/\/www.aribiotech.eu\/index.php?rest_route=\/wp\/v2\/pages\/1709\/revisions"}],"predecessor-version":[{"id":1905,"href":"https:\/\/www.aribiotech.eu\/index.php?rest_route=\/wp\/v2\/pages\/1709\/revisions\/1905"}],"wp:attachment":[{"href":"https:\/\/www.aribiotech.eu\/index.php?rest_route=%2Fwp%2Fv2%2Fmedia&parent=1709"}],"curies":[{"name":"wp","href":"https:\/\/api.w.org\/{rel}","templated":true}]}}