{"id":1210,"date":"2023-08-08T13:09:44","date_gmt":"2023-08-08T12:09:44","guid":{"rendered":"http:\/\/www.aribiotech.eu\/?page_id=1210"},"modified":"2023-09-07T15:41:04","modified_gmt":"2023-09-07T14:41:04","slug":"presentation-5","status":"publish","type":"page","link":"https:\/\/www.aribiotech.eu\/?page_id=1210","title":{"rendered":"Pr\u00e9sentation"},"content":{"rendered":"<p>[et_pb_section fb_built=\u00a0\u00bb1&Prime; _builder_version=\u00a0\u00bb4.20.4&Prime; _module_preset=\u00a0\u00bbdefault\u00a0\u00bb background_color=\u00a0\u00bb#FFFFFF\u00a0\u00bb custom_padding=\u00a0\u00bb||120px||false|false\u00a0\u00bb bottom_divider_color=\u00a0\u00bb#40C1AC\u00a0\u00bb bottom_divider_flip=\u00a0\u00bbhorizontal\u00a0\u00bb box_shadow_style=\u00a0\u00bbpreset3&Prime; global_colors_info=\u00a0\u00bb{}\u00a0\u00bb][et_pb_row _builder_version=\u00a0\u00bb4.20.4&Prime; _module_preset=\u00a0\u00bbdefault\u00a0\u00bb global_colors_info=\u00a0\u00bb{}\u00a0\u00bb][et_pb_column type=\u00a0\u00bb4_4&Prime; _builder_version=\u00a0\u00bb4.20.4&Prime; _module_preset=\u00a0\u00bbdefault\u00a0\u00bb global_colors_info=\u00a0\u00bb{}\u00a0\u00bb][et_pb_text _builder_version=\u00a0\u00bb4.20.4&Prime; _module_preset=\u00a0\u00bbdefault\u00a0\u00bb header_text_color=\u00a0\u00bb#003C71&Prime; global_colors_info=\u00a0\u00bb{}\u00a0\u00bb]<\/p>\n<h1 class=\"LC20lb MBeuO DKV0Md\">Pr\u00e9sentation<\/h1>\n<p>[\/et_pb_text][et_pb_text _builder_version=\u00a0\u00bb4.20.4&Prime; _module_preset=\u00a0\u00bbdefault\u00a0\u00bb hover_enabled=\u00a0\u00bb0&Prime; global_colors_info=\u00a0\u00bb{}\u00a0\u00bb sticky_enabled=\u00a0\u00bb0&Prime;]<\/p>\n<p><strong>Alliance transfrontali\u00e8re entre les laboratoires de recherche et les centres de recherche<\/strong> pour une collaboration fructueuse de <em>R&amp;I en biotechnologie bleue (BB)<\/em> pour la valorisation durable des d\u00e9chets marins (DM) visant non seulement la r\u00e9duction de leurs impacts sur l\u2019environnement, mais aussi la cr\u00e9ation d\u2019opportunit\u00e9s entrepreneuriales.<\/p>\n<p><strong>Le projet ARIBiotech a l\u2019ambition de cr\u00e9er la premi\u00e8re Alliance transfrontali\u00e8re en biotechnologie bleue<\/strong> qui va \u00eatre un moteur pour la collaboration, le partage de connaissance, la facilit\u00e9 d\u2019acc\u00e9der aux plateformes et \u00e9quipements performants, la co-innovation et la co- publication.<\/p>\n<p>L\u2019<strong>alliance transfrontali\u00e8re<\/strong> capitalise les r\u00e9sultats obtenus dans les projets de la <strong>programmation UE 2007-2014<\/strong> et investit dans la recherche de proc\u00e9d\u00e9s\/coproduits issus de la <strong>valorisation des d\u00e9chets marins et des coproduits de la p\u00eache<\/strong>.<\/p>\n<p><strong>Elle repr\u00e9sente une innovation en soi, unique \u00e0 l\u2019\u00e9chelle transfrontali\u00e8re.<\/strong><\/p>\n<p>C\u2019est un moyen d\u2019acc\u00e8s, d\u2019acquisition et d\u2019\u00e9change de connaissances et de comp\u00e9tences entre les diff\u00e9rents partenaires du consortium ayant une multidisciplinarit\u00e9 qui sera focalis\u00e9e sur la th\u00e9matique relative aux traitements des d\u00e9chets marins.<\/p>\n<p>[\/et_pb_text][\/et_pb_column][\/et_pb_row][et_pb_row _builder_version=\u00a0\u00bb4.20.4&Prime; _module_preset=\u00a0\u00bbdefault\u00a0\u00bb][et_pb_column _builder_version=\u00a0\u00bb4.20.4&Prime; _module_preset=\u00a0\u00bbdefault\u00a0\u00bb type=\u00a0\u00bb4_4&Prime;][et_pb_text _builder_version=\u00a0\u00bb4.20.4&Prime; _module_preset=\u00a0\u00bbdefault\u00a0\u00bb header_font=\u00a0\u00bb|300|||||||\u00a0\u00bb header_3_font=\u00a0\u00bb||||||||\u00a0\u00bb global_colors_info=\u00a0\u00bb{}\u00a0\u00bb]<\/p>\n<h3>Une alliance regroupant au moins 9 laboratoires de recherche appartenant \u00e0 des centres, institutions, universit\u00e9s sera form\u00e9e<\/h3>\n<p>[\/et_pb_text][\/et_pb_column][\/et_pb_row][et_pb_row column_structure=\u00a0\u00bb1_3,1_3,1_3&Prime; _builder_version=\u00a0\u00bb4.20.4&Prime; _module_preset=\u00a0\u00bbdefault\u00a0\u00bb global_colors_info=\u00a0\u00bb{}\u00a0\u00bb][et_pb_column type=\u00a0\u00bb1_3&Prime; _builder_version=\u00a0\u00bb4.20.4&Prime; _module_preset=\u00a0\u00bbdefault\u00a0\u00bb global_colors_info=\u00a0\u00bb{}\u00a0\u00bb][et_pb_image src=\u00a0\u00bbhttp:\/\/www.aribiotech.eu\/wp-content\/uploads\/2023\/08\/a.png\u00a0\u00bb title_text=\u00a0\u00bba\u00a0\u00bb _builder_version=\u00a0\u00bb4.20.4&Prime; _module_preset=\u00a0\u00bbdefault\u00a0\u00bb global_colors_info=\u00a0\u00bb{}\u00a0\u00bb][\/et_pb_image][\/et_pb_column][et_pb_column type=\u00a0\u00bb1_3&Prime; _builder_version=\u00a0\u00bb4.20.4&Prime; _module_preset=\u00a0\u00bbdefault\u00a0\u00bb global_colors_info=\u00a0\u00bb{}\u00a0\u00bb][et_pb_image src=\u00a0\u00bbhttp:\/\/www.aribiotech.eu\/wp-content\/uploads\/2023\/08\/c.png\u00a0\u00bb title_text=\u00a0\u00bbc\u00a0\u00bb _builder_version=\u00a0\u00bb4.20.4&Prime; _module_preset=\u00a0\u00bbdefault\u00a0\u00bb global_colors_info=\u00a0\u00bb{}\u00a0\u00bb][\/et_pb_image][\/et_pb_column][et_pb_column type=\u00a0\u00bb1_3&Prime; _builder_version=\u00a0\u00bb4.20.4&Prime; _module_preset=\u00a0\u00bbdefault\u00a0\u00bb global_colors_info=\u00a0\u00bb{}\u00a0\u00bb][et_pb_image src=\u00a0\u00bbhttp:\/\/www.aribiotech.eu\/wp-content\/uploads\/2023\/08\/b.png\u00a0\u00bb title_text=\u00a0\u00bbb\u00a0\u00bb _builder_version=\u00a0\u00bb4.20.4&Prime; _module_preset=\u00a0\u00bbdefault\u00a0\u00bb global_colors_info=\u00a0\u00bb{}\u00a0\u00bb][\/et_pb_image][\/et_pb_column][\/et_pb_row][et_pb_row _builder_version=\u00a0\u00bb4.20.4&Prime; _module_preset=\u00a0\u00bbdefault\u00a0\u00bb global_colors_info=\u00a0\u00bb{}\u00a0\u00bb][et_pb_column type=\u00a0\u00bb4_4&Prime; _builder_version=\u00a0\u00bb4.20.4&Prime; _module_preset=\u00a0\u00bbdefault\u00a0\u00bb global_colors_info=\u00a0\u00bb{}\u00a0\u00bb][et_pb_text _builder_version=\u00a0\u00bb4.20.4&Prime; _module_preset=\u00a0\u00bbdefault\u00a0\u00bb global_colors_info=\u00a0\u00bb{}\u00a0\u00bb]<\/p>\n<p>Une approche participative sera adopt\u00e9e et guid\u00e9e par le P7\/P4 au cours des ateliers de brainstorming impliquant tous les partenaires, d\u00e9cideurs et universitaires externes ce qui permettra la d\u00e9finition des principales orientations du r\u00e8glement de l\u2019Alliance \u00e0 proposer.<\/p>\n<p><strong>Le r\u00e8glement de l\u2019Alliance transfrontali\u00e8re de R&amp;I biotechnologique ARIBiotech<\/strong> sera valid\u00e9 par le comit\u00e9 de pilotage et sera implant\u00e9e sur la plateforme.<\/p>\n<p><strong>La signature du r\u00e8glement<\/strong> sera faite lors d\u2019une conf\u00e9rence de presse.<\/p>\n<p>[\/et_pb_text][\/et_pb_column][\/et_pb_row][\/et_pb_section][et_pb_section fb_built=\u00a0\u00bb1&Prime; _builder_version=\u00a0\u00bb4.16&Prime; _module_preset=\u00a0\u00bbdefault\u00a0\u00bb background_color=\u00a0\u00bb#003C71&Prime; custom_padding=\u00a0\u00bb12px||||false|false\u00a0\u00bb saved_tabs=\u00a0\u00bball\u00a0\u00bb global_colors_info=\u00a0\u00bb{}\u00a0\u00bb][et_pb_row _builder_version=\u00a0\u00bb4.16&Prime; _module_preset=\u00a0\u00bbdefault\u00a0\u00bb global_colors_info=\u00a0\u00bb{}\u00a0\u00bb][et_pb_column type=\u00a0\u00bb4_4&Prime; _builder_version=\u00a0\u00bb4.16&Prime; _module_preset=\u00a0\u00bbdefault\u00a0\u00bb global_colors_info=\u00a0\u00bb{}\u00a0\u00bb][et_pb_social_media_follow _builder_version=\u00a0\u00bb4.16&Prime; _module_preset=\u00a0\u00bbdefault\u00a0\u00bb custom_button=\u00a0\u00bbon\u00a0\u00bb button_border_radius=\u00a0\u00bb100px\u00a0\u00bb text_orientation=\u00a0\u00bbcenter\u00a0\u00bb global_colors_info=\u00a0\u00bb{}\u00a0\u00bb][et_pb_social_media_follow_network social_network=\u00a0\u00bbfacebook\u00a0\u00bb url=\u00a0\u00bbhttps:\/\/www.facebook.com\/ARIBiotech\u00a0\u00bb _builder_version=\u00a0\u00bb4.16&Prime; _module_preset=\u00a0\u00bbdefault\u00a0\u00bb background_color=\u00a0\u00bb#3b5998&Prime; custom_button=\u00a0\u00bbon\u00a0\u00bb button_border_radius=\u00a0\u00bb0px\u00a0\u00bb button_letter_spacing=\u00a0\u00bb0px\u00a0\u00bb border_radii=\u00a0\u00bbon|120px|120px|120px|120px\u00a0\u00bb border_width_all=\u00a0\u00bb2px\u00a0\u00bb border_color_all=\u00a0\u00bb#FFFFFF\u00a0\u00bb global_colors_info=\u00a0\u00bb{}\u00a0\u00bb follow_button=\u00a0\u00bboff\u00a0\u00bb url_new_window=\u00a0\u00bbon\u00a0\u00bb]facebook[\/et_pb_social_media_follow_network][et_pb_social_media_follow_network social_network=\u00a0\u00bbinstagram\u00a0\u00bb url=\u00a0\u00bbhttps:\/\/www.instagram.com\/aribiotech\/\u00a0\u00bb _builder_version=\u00a0\u00bb4.16&Prime; _module_preset=\u00a0\u00bbdefault\u00a0\u00bb background_color=\u00a0\u00bb#ea2c59&Prime; border_radii=\u00a0\u00bbon|120px|120px|120px|120px\u00a0\u00bb border_width_all=\u00a0\u00bb2px\u00a0\u00bb border_color_all=\u00a0\u00bb#FFFFFF\u00a0\u00bb global_colors_info=\u00a0\u00bb{}\u00a0\u00bb follow_button=\u00a0\u00bboff\u00a0\u00bb url_new_window=\u00a0\u00bbon\u00a0\u00bb]instagram[\/et_pb_social_media_follow_network][et_pb_social_media_follow_network social_network=\u00a0\u00bbyoutube\u00a0\u00bb _builder_version=\u00a0\u00bb4.16&Prime; _module_preset=\u00a0\u00bbdefault\u00a0\u00bb background_color=\u00a0\u00bb#a82400&Prime; border_radii=\u00a0\u00bbon|120px|120px|120px|120px\u00a0\u00bb border_width_all=\u00a0\u00bb2px\u00a0\u00bb border_color_all=\u00a0\u00bb#FFFFFF\u00a0\u00bb global_colors_info=\u00a0\u00bb{}\u00a0\u00bb follow_button=\u00a0\u00bboff\u00a0\u00bb url_new_window=\u00a0\u00bbon\u00a0\u00bb]youtube[\/et_pb_social_media_follow_network][\/et_pb_social_media_follow][et_pb_text _builder_version=\u00a0\u00bb4.20.4&Prime; _module_preset=\u00a0\u00bbdefault\u00a0\u00bb text_text_color=\u00a0\u00bb#FFFFFF\u00a0\u00bb text_font_size=\u00a0\u00bb12px\u00a0\u00bb header_3_text_color=\u00a0\u00bb#40C1AC\u00a0\u00bb text_orientation=\u00a0\u00bbcenter\u00a0\u00bb global_colors_info=\u00a0\u00bb{}\u00a0\u00bb]<\/p>\n<h3>Institut National des Sciences et Technologies de la Mer (INSTM)<\/h3>\n<div>Adresse : 28 Rue 2 Mars 1934 Carthage Salammb\u00f4<\/div>\n<div>Coordinatrice du projet : <strong>Pr Saloua Sadok<\/strong><\/div>\n<div><strong>e-mail : <a href=\"mailto:contact@aribiotech.eu\">contact@aribiotech.eu<\/a><\/strong><\/div>\n<div><strong><span><\/span><\/strong><\/div>\n<div><span>\ud835\udc36\ud835\udc52 \ud835\udc60\ud835\udc56\ud835\udc61\ud835\udc52 \ud835\udc4e \ud835\udc52\u0301\ud835\udc61\ud835\udc52\u0301 \ud835\udc50\ud835\udc5f\ud835\udc52\u0301\ud835\udc52\u0301 \ud835\udc52\ud835\udc61 \ud835\udc5a\ud835\udc4e\ud835\udc56\ud835\udc5b\ud835\udc61\ud835\udc52\ud835\udc5b\ud835\udc62 \ud835\udc4e\ud835\udc63\ud835\udc52\ud835\udc50 \ud835\udc59\ud835\udc52 \ud835\udc60\ud835\udc5c\ud835\udc62\ud835\udc61\ud835\udc56\ud835\udc52\ud835\udc5b \ud835\udc53\ud835\udc56\ud835\udc5b\ud835\udc4e\ud835\udc5b\ud835\udc50\ud835\udc56\ud835\udc52\ud835\udc5f \ud835\udc51\ud835\udc52 \ud835\udc59\u2019\ud835\udc48\ud835\udc5b\ud835\udc56\ud835\udc5c\ud835\udc5b \ud835\udc52\ud835\udc62\ud835\udc5f\ud835\udc5c\ud835\udc5d\ud835\udc52\u0301\ud835\udc52\ud835\udc5b\ud835\udc5b\ud835\udc52 \ud835\udc51\ud835\udc4e\ud835\udc5b\ud835\udc60 \ud835\udc59\ud835\udc52 \ud835\udc50\ud835\udc4e\ud835\udc51\ud835\udc5f\ud835\udc52 \ud835\udc51\ud835\udc62 \ud835\udc43\ud835\udc5f\ud835\udc5c\ud835\udc54\ud835\udc5f\ud835\udc4e\ud835\udc5a\ud835\udc5a\ud835\udc52 \ud835\udc3c\ud835\udc38\ud835\udc49 \ud835\udc51\ud835\udc52 \ud835\udc36\ud835\udc5c\ud835\udc5c\ud835\udc5d\ud835\udc52\u0301\ud835\udc5f\ud835\udc4e\ud835\udc61\ud835\udc56\ud835\udc5c\ud835\udc5b \ud835\udc47\ud835\udc5f\ud835\udc4e\ud835\udc5b\ud835\udc60\ud835\udc53\ud835\udc5f\ud835\udc5c\ud835\udc5b\ud835\udc61\ud835\udc4e\ud835\udc59\ud835\udc56\ud835\udc52\u0300\ud835\udc5f\ud835\udc52 \ud835\udc3c\ud835\udc61\ud835\udc4e\ud835\udc59\ud835\udc56\ud835\udc52 \ud835\udc47\ud835\udc62\ud835\udc5b\ud835\udc56\ud835\udc60\ud835\udc56\ud835\udc52 2014-2020. \ud835\udc46\ud835\udc5c\ud835\udc5b \ud835\udc50\ud835\udc5c\ud835\udc5b\ud835\udc61\ud835\udc52\ud835\udc5b\ud835\udc62 \ud835\udc5f\ud835\udc52\ud835\udc59\ud835\udc52\u0300\ud835\udc63\ud835\udc52 \ud835\udc51\ud835\udc52 \ud835\udc59\ud835\udc4e \ud835\udc60\ud835\udc52\ud835\udc62\ud835\udc59\ud835\udc52 \ud835\udc5f\ud835\udc52\ud835\udc60\ud835\udc5d\ud835\udc5c\ud835\udc5b\ud835\udc60\ud835\udc4e\ud835\udc4f\ud835\udc56\ud835\udc59\ud835\udc56\ud835\udc61\ud835\udc52\u0301 \ud835\udc51\ud835\udc52 \ud835\udc34\ud835\udc45\ud835\udc3c\ud835\udc35\ud835\udc56\ud835\udc5c\ud835\udc61\ud835\udc52\ud835\udc50\u210e \ud835\udc52\ud835\udc61 \ud835\udc5b\ud835\udc52 \ud835\udc5f\ud835\udc52\ud835\udc53\ud835\udc59\ud835\udc52\u0300\ud835\udc61\ud835\udc52 \ud835\udc5d\ud835\udc4e\ud835\udc60 \ud835\udc5b\ud835\udc52\u0301\ud835\udc50\ud835\udc52\ud835\udc60\ud835\udc60\ud835\udc4e\ud835\udc56\ud835\udc5f\ud835\udc52\ud835\udc5a\ud835\udc52\ud835\udc5b\ud835\udc61 \ud835\udc59\ud835\udc52\ud835\udc60 \ud835\udc5c\ud835\udc5d\ud835\udc56\ud835\udc5b\ud835\udc56\ud835\udc5c\ud835\udc5b\ud835\udc60 \ud835\udc51\ud835\udc52 \ud835\udc59\u2019\ud835\udc48\ud835\udc5b\ud835\udc56\ud835\udc5c\ud835\udc5b \ud835\udc52\ud835\udc62\ud835\udc5f\ud835\udc5c\ud835\udc5d\ud835\udc52\u0301\ud835\udc52\ud835\udc5b\ud835\udc5b\ud835\udc52 \ud835\udc52\ud835\udc61\/\ud835\udc5c\ud835\udc62 \ud835\udc50\ud835\udc52\ud835\udc59\ud835\udc59\ud835\udc52\ud835\udc60 \ud835\udc51\ud835\udc52 \ud835\udc59\u2019\ud835\udc34\ud835\udc62\ud835\udc61\ud835\udc5c\ud835\udc5f\ud835\udc56\ud835\udc61\ud835\udc52\u0301 \ud835\udc51\ud835\udc52 \ud835\udc3a\ud835\udc52\ud835\udc60\ud835\udc61\ud835\udc56\ud835\udc5c\ud835\udc5b.<\/span><\/div>\n<div><strong><span><\/span><\/strong><\/div>\n<p><span>\u00a92023 ARIbiotech &#8211; Tous les droits sont r\u00e9serv\u00e9s |\u00a0<\/span>Privacy Policy<span>\u00a0|\u00a0<\/span>Cookie Policy<\/p>\n<p>[\/et_pb_text][\/et_pb_column][\/et_pb_row][\/et_pb_section]<\/p>\n","protected":false},"excerpt":{"rendered":"<p>Pr\u00e9sentationAlliance transfrontali\u00e8re entre les laboratoires de recherche et les centres de recherche pour une collaboration fructueuse de R&amp;I en biotechnologie bleue (BB) pour la valorisation durable des d\u00e9chets marins (DM) visant non seulement la r\u00e9duction de leurs impacts sur l\u2019environnement, mais aussi la cr\u00e9ation d\u2019opportunit\u00e9s entrepreneuriales. Le projet ARIBiotech a l\u2019ambition de cr\u00e9er la premi\u00e8re [&hellip;]<\/p>\n","protected":false},"author":1,"featured_media":0,"parent":0,"menu_order":0,"comment_status":"closed","ping_status":"closed","template":"","meta":{"_et_pb_use_builder":"on","_et_pb_old_content":"","_et_gb_content_width":"","inline_featured_image":false,"footnotes":""},"class_list":["post-1210","page","type-page","status-publish","hentry"],"_links":{"self":[{"href":"https:\/\/www.aribiotech.eu\/index.php?rest_route=\/wp\/v2\/pages\/1210","targetHints":{"allow":["GET"]}}],"collection":[{"href":"https:\/\/www.aribiotech.eu\/index.php?rest_route=\/wp\/v2\/pages"}],"about":[{"href":"https:\/\/www.aribiotech.eu\/index.php?rest_route=\/wp\/v2\/types\/page"}],"author":[{"embeddable":true,"href":"https:\/\/www.aribiotech.eu\/index.php?rest_route=\/wp\/v2\/users\/1"}],"replies":[{"embeddable":true,"href":"https:\/\/www.aribiotech.eu\/index.php?rest_route=%2Fwp%2Fv2%2Fcomments&post=1210"}],"version-history":[{"count":4,"href":"https:\/\/www.aribiotech.eu\/index.php?rest_route=\/wp\/v2\/pages\/1210\/revisions"}],"predecessor-version":[{"id":1359,"href":"https:\/\/www.aribiotech.eu\/index.php?rest_route=\/wp\/v2\/pages\/1210\/revisions\/1359"}],"wp:attachment":[{"href":"https:\/\/www.aribiotech.eu\/index.php?rest_route=%2Fwp%2Fv2%2Fmedia&parent=1210"}],"curies":[{"name":"wp","href":"https:\/\/api.w.org\/{rel}","templated":true}]}}