{"id":1103,"date":"2023-07-18T04:40:52","date_gmt":"2023-07-18T03:40:52","guid":{"rendered":"http:\/\/www.aribiotech.eu\/?page_id=1103"},"modified":"2023-07-18T04:51:47","modified_gmt":"2023-07-18T03:51:47","slug":"resultats-attendus","status":"publish","type":"page","link":"https:\/\/www.aribiotech.eu\/?page_id=1103","title":{"rendered":"R\u00e9sultats attendus"},"content":{"rendered":"<p>[et_pb_section fb_built=\u00a0\u00bb1&Prime; theme_builder_area=\u00a0\u00bbpost_content\u00a0\u00bb _builder_version=\u00a0\u00bb4.20.4&Prime; _module_preset=\u00a0\u00bbdefault\u00a0\u00bb background_color=\u00a0\u00bbrgba(95,135,195,0.4)\u00a0\u00bb hover_enabled=\u00a0\u00bb0&Prime; sticky_enabled=\u00a0\u00bb0&Prime;][et_pb_row _builder_version=\u00a0\u00bb4.20.4&Prime; _module_preset=\u00a0\u00bbdefault\u00a0\u00bb theme_builder_area=\u00a0\u00bbpost_content\u00a0\u00bb hover_enabled=\u00a0\u00bb0&Prime; sticky_enabled=\u00a0\u00bb0&Prime;][et_pb_column _builder_version=\u00a0\u00bb4.20.4&Prime; _module_preset=\u00a0\u00bbdefault\u00a0\u00bb type=\u00a0\u00bb4_4&Prime; theme_builder_area=\u00a0\u00bbpost_content\u00a0\u00bb][et_pb_text _builder_version=\u00a0\u00bb4.20.4&Prime; _module_preset=\u00a0\u00bbdefault\u00a0\u00bb theme_builder_area=\u00a0\u00bbpost_content\u00a0\u00bb hover_enabled=\u00a0\u00bb0&Prime; sticky_enabled=\u00a0\u00bb0&Prime; header_3_font=\u00a0\u00bb|300|||||||\u00a0\u00bb header_3_font_size=\u00a0\u00bb24px\u00a0\u00bb header_3_text_align=\u00a0\u00bbcenter\u00a0\u00bb header_3_text_color=\u00a0\u00bb#58646C\u00a0\u00bb scroll_scaling=\u00a0\u00bb0|80|80|100|70|100|100&Prime; animation_style=\u00a0\u00bbbounce\u00a0\u00bb]<\/p>\n<h3><span>Cr\u00e9ation d\u2019une <\/span><strong>alliance des laboratoires de rechercheen biotechnologie bleue<\/strong><span> (BB).<\/span><\/h3>\n<p>[\/et_pb_text][\/et_pb_column][\/et_pb_row][\/et_pb_section][et_pb_section fb_built=\u00a0\u00bb1&Prime; theme_builder_area=\u00a0\u00bbpost_content\u00a0\u00bb _builder_version=\u00a0\u00bb4.20.4&Prime; _module_preset=\u00a0\u00bbdefault\u00a0\u00bb background_color=\u00a0\u00bbrgba(64,193,172,0.4)\u00a0\u00bb hover_enabled=\u00a0\u00bb0&Prime; sticky_enabled=\u00a0\u00bb0&Prime;][et_pb_row _builder_version=\u00a0\u00bb4.20.4&Prime; _module_preset=\u00a0\u00bbdefault\u00a0\u00bb theme_builder_area=\u00a0\u00bbpost_content\u00a0\u00bb][et_pb_column _builder_version=\u00a0\u00bb4.20.4&Prime; _module_preset=\u00a0\u00bbdefault\u00a0\u00bb type=\u00a0\u00bb4_4&Prime; theme_builder_area=\u00a0\u00bbpost_content\u00a0\u00bb][et_pb_text _builder_version=\u00a0\u00bb4.20.4&Prime; _module_preset=\u00a0\u00bbdefault\u00a0\u00bb theme_builder_area=\u00a0\u00bbpost_content\u00a0\u00bb hover_enabled=\u00a0\u00bb0&Prime; sticky_enabled=\u00a0\u00bb0&Prime; header_3_font=\u00a0\u00bb|300|||||||\u00a0\u00bb header_3_font_size=\u00a0\u00bb24px\u00a0\u00bb header_3_text_align=\u00a0\u00bbcenter\u00a0\u00bb header_3_text_color=\u00a0\u00bb#58646C\u00a0\u00bb animation_style=\u00a0\u00bbbounce\u00a0\u00bb]<\/p>\n<h3><strong>Renforcement des comp\u00e9tences en mati\u00e8re de R&amp;I en BB <\/strong><span>\u00e0 travers l\u2019\u00e9change et l\u2019accompagnement des chercheurs \/\u00e9tudiants.<\/span><\/h3>\n<p>[\/et_pb_text][\/et_pb_column][\/et_pb_row][\/et_pb_section][et_pb_section fb_built=\u00a0\u00bb1&Prime; theme_builder_area=\u00a0\u00bbpost_content\u00a0\u00bb _builder_version=\u00a0\u00bb4.20.4&Prime; _module_preset=\u00a0\u00bbdefault\u00a0\u00bb background_color=\u00a0\u00bbrgba(255,129,100,0.4)\u00a0\u00bb hover_enabled=\u00a0\u00bb0&Prime; sticky_enabled=\u00a0\u00bb0&Prime;][et_pb_row _builder_version=\u00a0\u00bb4.20.4&Prime; _module_preset=\u00a0\u00bbdefault\u00a0\u00bb theme_builder_area=\u00a0\u00bbpost_content\u00a0\u00bb][et_pb_column _builder_version=\u00a0\u00bb4.20.4&Prime; _module_preset=\u00a0\u00bbdefault\u00a0\u00bb type=\u00a0\u00bb4_4&Prime; theme_builder_area=\u00a0\u00bbpost_content\u00a0\u00bb][et_pb_text _builder_version=\u00a0\u00bb4.20.4&Prime; _module_preset=\u00a0\u00bbdefault\u00a0\u00bb theme_builder_area=\u00a0\u00bbpost_content\u00a0\u00bb hover_enabled=\u00a0\u00bb0&Prime; sticky_enabled=\u00a0\u00bb0&Prime; header_3_font=\u00a0\u00bb|300|||||||\u00a0\u00bb header_3_font_size=\u00a0\u00bb24px\u00a0\u00bb header_3_text_align=\u00a0\u00bbcenter\u00a0\u00bb header_text_color=\u00a0\u00bb#58646C\u00a0\u00bb header_3_text_color=\u00a0\u00bb#58646C\u00a0\u00bb animation_style=\u00a0\u00bbbounce\u00a0\u00bb]<\/p>\n<h3><span>Cr\u00e9ation d\u2019un <\/span><strong>mod\u00e8le de valorisation territoriale<\/strong><span> (Accompagnement <\/span><span>entrepreneurial, guichets entreprises, guide sur le financement de la R&amp;I).<\/span><\/h3>\n<p>[\/et_pb_text][\/et_pb_column][\/et_pb_row][\/et_pb_section][et_pb_section fb_built=\u00a0\u00bb1&Prime; theme_builder_area=\u00a0\u00bbpost_content\u00a0\u00bb _builder_version=\u00a0\u00bb4.20.4&Prime; _module_preset=\u00a0\u00bbdefault\u00a0\u00bb background_color=\u00a0\u00bbrgba(229,224,29,0.2)\u00a0\u00bb hover_enabled=\u00a0\u00bb0&Prime; sticky_enabled=\u00a0\u00bb0&Prime;][et_pb_row _builder_version=\u00a0\u00bb4.20.4&Prime; _module_preset=\u00a0\u00bbdefault\u00a0\u00bb theme_builder_area=\u00a0\u00bbpost_content\u00a0\u00bb][et_pb_column _builder_version=\u00a0\u00bb4.20.4&Prime; _module_preset=\u00a0\u00bbdefault\u00a0\u00bb type=\u00a0\u00bb4_4&Prime; theme_builder_area=\u00a0\u00bbpost_content\u00a0\u00bb][et_pb_text _builder_version=\u00a0\u00bb4.20.4&Prime; _module_preset=\u00a0\u00bbdefault\u00a0\u00bb theme_builder_area=\u00a0\u00bbpost_content\u00a0\u00bb hover_enabled=\u00a0\u00bb0&Prime; sticky_enabled=\u00a0\u00bb0&Prime; header_3_font=\u00a0\u00bb|300|||||||\u00a0\u00bb header_3_font_size=\u00a0\u00bb24px\u00a0\u00bb header_3_text_align=\u00a0\u00bbcenter\u00a0\u00bb header_3_text_color=\u00a0\u00bb#58646C\u00a0\u00bb animation_style=\u00a0\u00bbbounce\u00a0\u00bb]<\/p>\n<h3><span>Elaboration d\u2019un <\/span><strong>livre blanc<\/strong><span> pour l\u2019utilisation biotechnologique<\/span><span>des d\u00e9chets marins (DM) et la production des bioproduits.<\/span><\/h3>\n<p>[\/et_pb_text][\/et_pb_column][\/et_pb_row][\/et_pb_section][et_pb_section fb_built=\u00a0\u00bb1&Prime; theme_builder_area=\u00a0\u00bbpost_content\u00a0\u00bb _builder_version=\u00a0\u00bb4.20.4&Prime; _module_preset=\u00a0\u00bbdefault\u00a0\u00bb background_color=\u00a0\u00bbrgba(0,60,113,0.4)\u00a0\u00bb hover_enabled=\u00a0\u00bb0&Prime; sticky_enabled=\u00a0\u00bb0&Prime;][et_pb_row _builder_version=\u00a0\u00bb4.20.4&Prime; _module_preset=\u00a0\u00bbdefault\u00a0\u00bb theme_builder_area=\u00a0\u00bbpost_content\u00a0\u00bb][et_pb_column _builder_version=\u00a0\u00bb4.20.4&Prime; _module_preset=\u00a0\u00bbdefault\u00a0\u00bb type=\u00a0\u00bb4_4&Prime; theme_builder_area=\u00a0\u00bbpost_content\u00a0\u00bb][et_pb_text _builder_version=\u00a0\u00bb4.20.4&Prime; _module_preset=\u00a0\u00bbdefault\u00a0\u00bb theme_builder_area=\u00a0\u00bbpost_content\u00a0\u00bb hover_enabled=\u00a0\u00bb0&Prime; sticky_enabled=\u00a0\u00bb0&Prime; header_3_font=\u00a0\u00bb|300|||||||\u00a0\u00bb header_3_font_size=\u00a0\u00bb24px\u00a0\u00bb header_3_text_align=\u00a0\u00bbcenter\u00a0\u00bb header_text_color=\u00a0\u00bb#58646C\u00a0\u00bb header_3_text_color=\u00a0\u00bb#58646C\u00a0\u00bb animation_style=\u00a0\u00bbbounce\u00a0\u00bb]<\/p>\n<h3><strong>Cr\u00e9ation de la plateforme ARIBiotech<\/strong><span> et mise en r\u00e9seaux<\/span><span>des diff\u00e9rents acteurs.<\/span><\/h3>\n<p>[\/et_pb_text][\/et_pb_column][\/et_pb_row][\/et_pb_section][et_pb_section fb_built=\u00a0\u00bb1&Prime; theme_builder_area=\u00a0\u00bbpost_content\u00a0\u00bb _builder_version=\u00a0\u00bb4.20.4&Prime; _module_preset=\u00a0\u00bbdefault\u00a0\u00bb background_color=\u00a0\u00bbrgba(191,179,153,0.4)\u00a0\u00bb hover_enabled=\u00a0\u00bb0&Prime; sticky_enabled=\u00a0\u00bb0&Prime;][et_pb_row _builder_version=\u00a0\u00bb4.20.4&Prime; _module_preset=\u00a0\u00bbdefault\u00a0\u00bb theme_builder_area=\u00a0\u00bbpost_content\u00a0\u00bb][et_pb_column _builder_version=\u00a0\u00bb4.20.4&Prime; _module_preset=\u00a0\u00bbdefault\u00a0\u00bb type=\u00a0\u00bb4_4&Prime; theme_builder_area=\u00a0\u00bbpost_content\u00a0\u00bb][et_pb_text _builder_version=\u00a0\u00bb4.20.4&Prime; _module_preset=\u00a0\u00bbdefault\u00a0\u00bb theme_builder_area=\u00a0\u00bbpost_content\u00a0\u00bb hover_enabled=\u00a0\u00bb0&Prime; sticky_enabled=\u00a0\u00bb0&Prime; header_3_font=\u00a0\u00bb|300|||||||\u00a0\u00bb header_3_font_size=\u00a0\u00bb24px\u00a0\u00bb header_3_text_align=\u00a0\u00bbcenter\u00a0\u00bb header_3_text_color=\u00a0\u00bb#58646C\u00a0\u00bb animation_style=\u00a0\u00bbbounce\u00a0\u00bb]<\/p>\n<h3><span>R\u00e9alisation de <\/span><strong>2 start-up pilotes<\/strong><span> pour la valorisation des d\u00e9chets marins.<\/span><\/h3>\n<p>[\/et_pb_text][\/et_pb_column][\/et_pb_row][\/et_pb_section][et_pb_section fb_built=\u00a0\u00bb1&Prime; _builder_version=\u00a0\u00bb4.16&Prime; _module_preset=\u00a0\u00bbdefault\u00a0\u00bb background_color=\u00a0\u00bb#003C71&Prime; custom_padding=\u00a0\u00bb12px||||false|false\u00a0\u00bb saved_tabs=\u00a0\u00bball\u00a0\u00bb global_colors_info=\u00a0\u00bb{}\u00a0\u00bb theme_builder_area=\u00a0\u00bbpost_content\u00a0\u00bb][et_pb_row _builder_version=\u00a0\u00bb4.16&Prime; _module_preset=\u00a0\u00bbdefault\u00a0\u00bb global_colors_info=\u00a0\u00bb{}\u00a0\u00bb theme_builder_area=\u00a0\u00bbpost_content\u00a0\u00bb][et_pb_column type=\u00a0\u00bb4_4&Prime; _builder_version=\u00a0\u00bb4.16&Prime; _module_preset=\u00a0\u00bbdefault\u00a0\u00bb global_colors_info=\u00a0\u00bb{}\u00a0\u00bb theme_builder_area=\u00a0\u00bbpost_content\u00a0\u00bb][et_pb_social_media_follow _builder_version=\u00a0\u00bb4.16&Prime; _module_preset=\u00a0\u00bbdefault\u00a0\u00bb custom_button=\u00a0\u00bbon\u00a0\u00bb button_border_radius=\u00a0\u00bb100px\u00a0\u00bb text_orientation=\u00a0\u00bbcenter\u00a0\u00bb global_colors_info=\u00a0\u00bb{}\u00a0\u00bb theme_builder_area=\u00a0\u00bbpost_content\u00a0\u00bb][et_pb_social_media_follow_network social_network=\u00a0\u00bbfacebook\u00a0\u00bb url=\u00a0\u00bbhttps:\/\/www.facebook.com\/ARIBiotech\u00a0\u00bb _builder_version=\u00a0\u00bb4.16&Prime; _module_preset=\u00a0\u00bbdefault\u00a0\u00bb background_color=\u00a0\u00bb#3b5998&Prime; custom_button=\u00a0\u00bbon\u00a0\u00bb button_border_radius=\u00a0\u00bb0px\u00a0\u00bb button_letter_spacing=\u00a0\u00bb0px\u00a0\u00bb border_radii=\u00a0\u00bbon|120px|120px|120px|120px\u00a0\u00bb border_width_all=\u00a0\u00bb2px\u00a0\u00bb border_color_all=\u00a0\u00bb#FFFFFF\u00a0\u00bb global_colors_info=\u00a0\u00bb{}\u00a0\u00bb theme_builder_area=\u00a0\u00bbpost_content\u00a0\u00bb follow_button=\u00a0\u00bboff\u00a0\u00bb url_new_window=\u00a0\u00bbon\u00a0\u00bb]facebook[\/et_pb_social_media_follow_network][et_pb_social_media_follow_network social_network=\u00a0\u00bbinstagram\u00a0\u00bb url=\u00a0\u00bbhttps:\/\/www.instagram.com\/aribiotech\/\u00a0\u00bb _builder_version=\u00a0\u00bb4.16&Prime; _module_preset=\u00a0\u00bbdefault\u00a0\u00bb background_color=\u00a0\u00bb#ea2c59&Prime; border_radii=\u00a0\u00bbon|120px|120px|120px|120px\u00a0\u00bb border_width_all=\u00a0\u00bb2px\u00a0\u00bb border_color_all=\u00a0\u00bb#FFFFFF\u00a0\u00bb global_colors_info=\u00a0\u00bb{}\u00a0\u00bb theme_builder_area=\u00a0\u00bbpost_content\u00a0\u00bb follow_button=\u00a0\u00bboff\u00a0\u00bb url_new_window=\u00a0\u00bbon\u00a0\u00bb]instagram[\/et_pb_social_media_follow_network][et_pb_social_media_follow_network social_network=\u00a0\u00bbyoutube\u00a0\u00bb _builder_version=\u00a0\u00bb4.16&Prime; _module_preset=\u00a0\u00bbdefault\u00a0\u00bb background_color=\u00a0\u00bb#a82400&Prime; border_radii=\u00a0\u00bbon|120px|120px|120px|120px\u00a0\u00bb border_width_all=\u00a0\u00bb2px\u00a0\u00bb border_color_all=\u00a0\u00bb#FFFFFF\u00a0\u00bb global_colors_info=\u00a0\u00bb{}\u00a0\u00bb theme_builder_area=\u00a0\u00bbpost_content\u00a0\u00bb follow_button=\u00a0\u00bboff\u00a0\u00bb url_new_window=\u00a0\u00bbon\u00a0\u00bb]youtube[\/et_pb_social_media_follow_network][\/et_pb_social_media_follow][et_pb_text _builder_version=\u00a0\u00bb4.20.4&Prime; _module_preset=\u00a0\u00bbdefault\u00a0\u00bb text_text_color=\u00a0\u00bb#FFFFFF\u00a0\u00bb text_font_size=\u00a0\u00bb12px\u00a0\u00bb header_3_text_color=\u00a0\u00bb#40C1AC\u00a0\u00bb text_orientation=\u00a0\u00bbcenter\u00a0\u00bb global_colors_info=\u00a0\u00bb{}\u00a0\u00bb theme_builder_area=\u00a0\u00bbpost_content\u00a0\u00bb]<\/p>\n<h3>Institut National des Sciences et Technologies de la Mer (INSTM)<\/h3>\n<div>Adresse : 28 Rue 2 Mars 1934 Carthage Salammb\u00f4<\/div>\n<div>Coordinatrice du projet : <strong>Pr Saloua Sadok<\/strong><\/div>\n<div><strong>e-mail : <a href=\"mailto:contact@aribiotech.eu\">contact@aribiotech.eu<\/a><\/strong><\/div>\n<div><strong><span><\/span><\/strong><\/div>\n<div><span>\ud835\udc36\ud835\udc52 \ud835\udc60\ud835\udc56\ud835\udc61\ud835\udc52 \ud835\udc4e \ud835\udc52\u0301\ud835\udc61\ud835\udc52\u0301 \ud835\udc50\ud835\udc5f\ud835\udc52\u0301\ud835\udc52\u0301 \ud835\udc52\ud835\udc61 \ud835\udc5a\ud835\udc4e\ud835\udc56\ud835\udc5b\ud835\udc61\ud835\udc52\ud835\udc5b\ud835\udc62 \ud835\udc4e\ud835\udc63\ud835\udc52\ud835\udc50 \ud835\udc59\ud835\udc52 \ud835\udc60\ud835\udc5c\ud835\udc62\ud835\udc61\ud835\udc56\ud835\udc52\ud835\udc5b \ud835\udc53\ud835\udc56\ud835\udc5b\ud835\udc4e\ud835\udc5b\ud835\udc50\ud835\udc56\ud835\udc52\ud835\udc5f \ud835\udc51\ud835\udc52 \ud835\udc59\u2019\ud835\udc48\ud835\udc5b\ud835\udc56\ud835\udc5c\ud835\udc5b \ud835\udc52\ud835\udc62\ud835\udc5f\ud835\udc5c\ud835\udc5d\ud835\udc52\u0301\ud835\udc52\ud835\udc5b\ud835\udc5b\ud835\udc52 \ud835\udc51\ud835\udc4e\ud835\udc5b\ud835\udc60 \ud835\udc59\ud835\udc52 \ud835\udc50\ud835\udc4e\ud835\udc51\ud835\udc5f\ud835\udc52 \ud835\udc51\ud835\udc62 \ud835\udc43\ud835\udc5f\ud835\udc5c\ud835\udc54\ud835\udc5f\ud835\udc4e\ud835\udc5a\ud835\udc5a\ud835\udc52 \ud835\udc3c\ud835\udc38\ud835\udc49 \ud835\udc51\ud835\udc52 \ud835\udc36\ud835\udc5c\ud835\udc5c\ud835\udc5d\ud835\udc52\u0301\ud835\udc5f\ud835\udc4e\ud835\udc61\ud835\udc56\ud835\udc5c\ud835\udc5b \ud835\udc47\ud835\udc5f\ud835\udc4e\ud835\udc5b\ud835\udc60\ud835\udc53\ud835\udc5f\ud835\udc5c\ud835\udc5b\ud835\udc61\ud835\udc4e\ud835\udc59\ud835\udc56\ud835\udc52\u0300\ud835\udc5f\ud835\udc52 \ud835\udc3c\ud835\udc61\ud835\udc4e\ud835\udc59\ud835\udc56\ud835\udc52 \ud835\udc47\ud835\udc62\ud835\udc5b\ud835\udc56\ud835\udc60\ud835\udc56\ud835\udc52 2014-2020. \ud835\udc46\ud835\udc5c\ud835\udc5b \ud835\udc50\ud835\udc5c\ud835\udc5b\ud835\udc61\ud835\udc52\ud835\udc5b\ud835\udc62 \ud835\udc5f\ud835\udc52\ud835\udc59\ud835\udc52\u0300\ud835\udc63\ud835\udc52 \ud835\udc51\ud835\udc52 \ud835\udc59\ud835\udc4e \ud835\udc60\ud835\udc52\ud835\udc62\ud835\udc59\ud835\udc52 \ud835\udc5f\ud835\udc52\ud835\udc60\ud835\udc5d\ud835\udc5c\ud835\udc5b\ud835\udc60\ud835\udc4e\ud835\udc4f\ud835\udc56\ud835\udc59\ud835\udc56\ud835\udc61\ud835\udc52\u0301 \ud835\udc51\ud835\udc52 \ud835\udc34\ud835\udc45\ud835\udc3c\ud835\udc35\ud835\udc56\ud835\udc5c\ud835\udc61\ud835\udc52\ud835\udc50\u210e \ud835\udc52\ud835\udc61 \ud835\udc5b\ud835\udc52 \ud835\udc5f\ud835\udc52\ud835\udc53\ud835\udc59\ud835\udc52\u0300\ud835\udc61\ud835\udc52 \ud835\udc5d\ud835\udc4e\ud835\udc60 \ud835\udc5b\ud835\udc52\u0301\ud835\udc50\ud835\udc52\ud835\udc60\ud835\udc60\ud835\udc4e\ud835\udc56\ud835\udc5f\ud835\udc52\ud835\udc5a\ud835\udc52\ud835\udc5b\ud835\udc61 \ud835\udc59\ud835\udc52\ud835\udc60 \ud835\udc5c\ud835\udc5d\ud835\udc56\ud835\udc5b\ud835\udc56\ud835\udc5c\ud835\udc5b\ud835\udc60 \ud835\udc51\ud835\udc52 \ud835\udc59\u2019\ud835\udc48\ud835\udc5b\ud835\udc56\ud835\udc5c\ud835\udc5b \ud835\udc52\ud835\udc62\ud835\udc5f\ud835\udc5c\ud835\udc5d\ud835\udc52\u0301\ud835\udc52\ud835\udc5b\ud835\udc5b\ud835\udc52 \ud835\udc52\ud835\udc61\/\ud835\udc5c\ud835\udc62 \ud835\udc50\ud835\udc52\ud835\udc59\ud835\udc59\ud835\udc52\ud835\udc60 \ud835\udc51\ud835\udc52 \ud835\udc59\u2019\ud835\udc34\ud835\udc62\ud835\udc61\ud835\udc5c\ud835\udc5f\ud835\udc56\ud835\udc61\ud835\udc52\u0301 \ud835\udc51\ud835\udc52 \ud835\udc3a\ud835\udc52\ud835\udc60\ud835\udc61\ud835\udc56\ud835\udc5c\ud835\udc5b.<\/span><\/div>\n<div><strong><span><\/span><\/strong><\/div>\n<p><span>\u00a92023 ARIbiotech &#8211; Tous les droits sont r\u00e9serv\u00e9s |\u00a0<\/span>Privacy Policy<span>\u00a0|\u00a0<\/span>Cookie Policy<\/p>\n<p>[\/et_pb_text][\/et_pb_column][\/et_pb_row][\/et_pb_section]<\/p>\n","protected":false},"excerpt":{"rendered":"<p>Cr\u00e9ation d\u2019une alliance des laboratoires de rechercheen biotechnologie bleue (BB).Renforcement des comp\u00e9tences en mati\u00e8re de R&amp;I en BB \u00e0 travers l\u2019\u00e9change et l\u2019accompagnement des chercheurs \/\u00e9tudiants.Cr\u00e9ation d\u2019un mod\u00e8le de valorisation territoriale (Accompagnement entrepreneurial, guichets entreprises, guide sur le financement de la R&amp;I).Elaboration d\u2019un livre blanc pour l\u2019utilisation biotechnologiquedes d\u00e9chets marins (DM) et la production des [&hellip;]<\/p>\n","protected":false},"author":1,"featured_media":0,"parent":0,"menu_order":0,"comment_status":"closed","ping_status":"closed","template":"","meta":{"_et_pb_use_builder":"on","_et_pb_old_content":"","_et_gb_content_width":"","inline_featured_image":false,"footnotes":""},"class_list":["post-1103","page","type-page","status-publish","hentry"],"_links":{"self":[{"href":"https:\/\/www.aribiotech.eu\/index.php?rest_route=\/wp\/v2\/pages\/1103","targetHints":{"allow":["GET"]}}],"collection":[{"href":"https:\/\/www.aribiotech.eu\/index.php?rest_route=\/wp\/v2\/pages"}],"about":[{"href":"https:\/\/www.aribiotech.eu\/index.php?rest_route=\/wp\/v2\/types\/page"}],"author":[{"embeddable":true,"href":"https:\/\/www.aribiotech.eu\/index.php?rest_route=\/wp\/v2\/users\/1"}],"replies":[{"embeddable":true,"href":"https:\/\/www.aribiotech.eu\/index.php?rest_route=%2Fwp%2Fv2%2Fcomments&post=1103"}],"version-history":[{"count":2,"href":"https:\/\/www.aribiotech.eu\/index.php?rest_route=\/wp\/v2\/pages\/1103\/revisions"}],"predecessor-version":[{"id":1106,"href":"https:\/\/www.aribiotech.eu\/index.php?rest_route=\/wp\/v2\/pages\/1103\/revisions\/1106"}],"wp:attachment":[{"href":"https:\/\/www.aribiotech.eu\/index.php?rest_route=%2Fwp%2Fv2%2Fmedia&parent=1103"}],"curies":[{"name":"wp","href":"https:\/\/api.w.org\/{rel}","templated":true}]}}